{"id":28,"date":"2026-04-15T16:16:33","date_gmt":"2026-04-15T16:16:33","guid":{"rendered":"https:\/\/digi24hstore.id.vn\/?post_type=product&#038;p=28"},"modified":"2026-04-15T16:21:15","modified_gmt":"2026-04-15T16:21:15","slug":"sony-zv-1-ii-chinh-hang","status":"publish","type":"product","link":"https:\/\/digi24hstore.id.vn\/?product=sony-zv-1-ii-chinh-hang","title":{"rendered":"Sony ZV-1 II &#8211; Ch\u00ednh h\u00e3ng"},"content":{"rendered":"<article class=\"noidung\">\n<div class=\"w-clear content-detail\">\n<p>B\u1ea1n \u0111ang t\u00ecm\u00a0<a href=\"https:\/\/digi24h.vn\/?srsltid=AfmBOoq8tcyUEcQLLOR6bwSQrOiuAyxvV1fO-OqMAaTvBQpwO0r0iiEQ\"><strong>m\u00e1y \u1ea3nh V\u0169ng T\u00e0u<\/strong><\/a>\u00a0ch\u1ea5t l\u01b0\u1ee3ng, gi\u00e1 t\u1ed1t? H\u00e3y \u0111\u1ebfn\u00a0<a href=\"https:\/\/digi24h.vn\/?srsltid=AfmBOoq8tcyUEcQLLOR6bwSQrOiuAyxvV1fO-OqMAaTvBQpwO0r0iiEQ\"><strong>Digi24h<\/strong><\/a>, n\u01a1i cung c\u1ea5p \u0111a d\u1ea1ng d\u00f2ng m\u00e1y \u1ea3nh m\u1edbi v\u00e0\u00a0<a href=\"https:\/\/digi24h.vn\/?srsltid=AfmBOoq8tcyUEcQLLOR6bwSQrOiuAyxvV1fO-OqMAaTvBQpwO0r0iiEQ\"><strong>m\u00e1y \u1ea3nh c\u0169 V\u0169ng T\u00e0u<\/strong><\/a>\u00a0\u0111\u00e3 qua ki\u1ec3m \u0111\u1ecbnh k\u1ef9 l\u01b0\u1ee1ng. Ch\u00fang t\u00f4i c\u00f2n mang \u0111\u1ebfn nhi\u1ec1u l\u1ef1a ch\u1ecdn\u00a0<a href=\"https:\/\/digi24h.vn\/?srsltid=AfmBOoq8tcyUEcQLLOR6bwSQrOiuAyxvV1fO-OqMAaTvBQpwO0r0iiEQ\"><strong>\u1ed1ng k\u00ednh V\u0169ng T\u00e0u<\/strong><\/a>\u00a0cho c\u1ea3 nhi\u1ebfp \u1ea3nh gia chuy\u00ean nghi\u1ec7p l\u1eabn ng\u01b0\u1eddi m\u1edbi b\u1eaft \u0111\u1ea7u, k\u00e8m theo c\u00e1c s\u1ea3n ph\u1ea9m\u00a0<a href=\"https:\/\/digi24h.vn\/?srsltid=AfmBOoq8tcyUEcQLLOR6bwSQrOiuAyxvV1fO-OqMAaTvBQpwO0r0iiEQ\"><strong>\u1ed1ng k\u00ednh c\u0169 V\u0169ng T\u00e0u<\/strong><\/a>\u00a0gi\u00e1 \u01b0u \u0111\u00e3i, \u0111\u1ea3m b\u1ea3o ch\u1ea5t l\u01b0\u1ee3ng nh\u01b0 m\u1edbi. Digi24h cam k\u1ebft t\u01b0 v\u1ea5n t\u1eadn t\u00e2m, b\u1ea3o h\u00e0nh uy t\u00edn, gi\u00fap b\u1ea1n d\u1ec5 d\u00e0ng ch\u1ecdn \u0111\u01b0\u1ee3c thi\u1ebft b\u1ecb ph\u00f9 h\u1ee3p nh\u1ea5t cho nhu c\u1ea7u s\u00e1ng t\u1ea1o c\u1ee7a m\u00ecnh.<\/p>\n<h1><strong><span dir=\"auto\" style=\"vertical-align: inherit;\"><span dir=\"auto\" style=\"vertical-align: inherit;\">Sony ZV-1 II<\/span><\/span><\/strong><\/h1>\n<p>&nbsp;<\/p>\n<p><strong>Sony ZV-1 II\u00a0<\/strong>l\u00e0 m\u00e1y quay vlog to\u00e0n di\u1ec7n l\u00fd t\u01b0\u1edfng cho vlogger v\u00e0 ng\u01b0\u1eddi s\u00e1ng t\u1ea1o n\u1ed9i dung v\u1edbi thi\u1ebft k\u1ebf nh\u1ecf g\u1ecdn v\u00e0 di \u0111\u1ed9ng, t\u00edch h\u1ee3p \u1ed1ng k\u00ednh zoom g\u00f3c r\u1ed9ng linh ho\u1ea1t, c\u1ea3m bi\u1ebfn h\u00ecnh \u1ea3nh lo\u1ea1i 1&#8243; cho ch\u1ea5t l\u01b0\u1ee3ng h\u00ecnh \u1ea3nh tuy\u1ec7t v\u1eddi v\u00e0 mic th\u00f4ng minh ghi \u00e2m r\u00f5 r\u00e0ng.<\/p>\n<p><img loading=\"lazy\" decoding=\"async\" src=\"https:\/\/zshop.vn\/images\/companies\/1\/san_pham\/Camera\/Sony\/zv1%20ii\/Sony%20ZV-1%20II%20%2818%290.jpg?1684893608285\" alt=\"Digi24h.vn\" width=\"700\" height=\"394\" \/><\/p>\n<p>&nbsp;<\/p>\n<p>&nbsp;<\/p>\n<p>&nbsp;<\/p>\n<h4>\u1ed0ng k\u00ednh g\u00f3c r\u1ed9ng m\u1edbi<\/h4>\n<p>ZV-1 II nay trang b\u1ecb \u1ed1ng k\u00ednh zoom g\u00f3c r\u1ed9ng m\u1edbi c\u00f3 ti\u00eau c\u1ef1 t\u01b0\u01a1ng \u0111\u01b0\u01a1ng 18-50mm f\/1.8-4 gi\u00fap m\u1edf r\u1ed9ng khung h\u00ecnh h\u01a1n cho ng\u01b0\u1eddi s\u00e1ng t\u1ea1o n\u1ed9i dung. K\u1ebft h\u1ee3p th\u00e2n m\u00e1y g\u1ecdn nh\u1eb9 ch\u1ec9\u00a0266g, m\u00e1y quay vlog n\u00e0y l\u00fd t\u01b0\u1edfng quay b\u1eb1ng m\u1ed9t tay v\u00e0 quay video selfie cho nh\u00f3m nh\u1ecf.<\/p>\n<p>T\u00ednh n\u0103ng l\u1ea5y n\u00e9t t\u1ef1 \u0111\u1ed9ng \u0111\u01b0\u1ee3c n\u00e2ng c\u1ea5p v\u1edbi kh\u1ea3 n\u0103ng nh\u1eadn di\u1ec7n nhi\u1ec1u khu\u00f4n m\u1eb7t, \u0111\u1ea3m b\u1ea3o m\u1ecdi ng\u01b0\u1eddi \u0111\u1ec1u \u0111\u01b0\u1ee3c l\u1ea5y n\u00e9t. \u1ed0ng k\u00ednh m\u1edbi c\u0169ng ho\u1ea1t \u0111\u1ed9ng t\u1ed1t v\u1edbi m\u00f4i tr\u01b0\u1eddng trong nh\u00e0 nh\u1ecf h\u1eb9p ho\u1eb7c nh\u01b0 m\u1ed9t \u0111i\u1ec3m nh\u1ea5n n\u0103ng \u0111\u1ed9ng cho c\u00e1c c\u1ea3nh h\u00e0ng ng\u00e0y.<\/p>\n<p><img loading=\"lazy\" decoding=\"async\" src=\"https:\/\/zshop.vn\/images\/companies\/1\/san_pham\/Camera\/Sony\/zv1%20ii\/Sony%20ZV-1%20II%20(18)a.jpg?1684893625369\" alt=\"Digi24h.vn\" width=\"700\" height=\"394\" \/><\/p>\n<h4>C\u1ea3m bi\u1ebfn stacked 1&#8243;\u00a020.1MP &amp; Real-time AF<\/h4>\n<p>B\u00ean trong ZV-1 II c\u00f3 m\u1ed9t s\u1ed1 thu\u1ed9c t\u00ednh h\u00ecnh \u1ea3nh quen thu\u1ed9c g\u1ed3m c\u1ea3m bi\u1ebfn CMOS x\u1ebfp ch\u1ed3ng Exmor RS 1&#8243; 20.1MP v\u00e0 chip x\u1eed l\u00fd h\u00ecnh \u1ea3nh BIONZ X g\u00f3p ph\u1ea7n mang l\u1ea1i hi\u1ec7u su\u1ea5t nhanh \u1ea5n t\u01b0\u1ee3ng, \u0111\u1ed9 nh\u1ea1y ISO t\u1eeb 125 \u0111\u1ebfn 12800 cho video v\u00e0 \u1ea3nh t\u0129nh, c\u00f9ng bokeh l\u1edbn.<\/p>\n<p>Chip x\u1eed l\u00fd h\u1ed7 tr\u1ee3\u00a0c\u00e1c t\u00ednh n\u0103ng l\u1ea5y n\u00e9t Real-Time Eye AF v\u00e0 Real-Time Tracking \u0111\u1ec3 l\u1ea5y n\u00e9t v\u00e0 theo d\u00f5i \u0111\u1ed1i t\u01b0\u1ee3ng nhanh ch\u00f3ng v\u00e0 ch\u00ednh x\u00e1c, v\u1edbi t\u00ednh n\u0103ng \u1ed5n \u0111\u1ecbnh h\u00ecnh \u1ea3nh \u1edf\u00a0Active Mode \u0111\u1ec3 c\u1ea3nh quay \u1ed5n \u0111\u1ecbnh,\u00a0m\u01b0\u1ee3t m\u00e0 h\u01a1n v\u00e0 gi\u1ea3m hi\u1ec7n t\u01b0\u1ee3ng rung l\u1eafc.<\/p>\n<p><img loading=\"lazy\" decoding=\"async\" src=\"https:\/\/zshop.vn\/images\/companies\/1\/san_pham\/Camera\/Sony\/zv1%20ii\/Sony%20ZV-1%20II%20(18)b.jpg?1684893636365\" alt=\"Digi24h.vn\" width=\"700\" height=\"394\" \/><\/p>\n<h4>M\u00e0n h\u00ecnh c\u1ea3m \u1ee9ng xoay l\u1eadt &amp; c\u00e1c t\u00ednh n\u0103ng vlog \u0111\u1eb7c tr\u01b0ng<\/h4>\n<p>M\u00e0n h\u00ecnh c\u1ea3m \u1ee9ng 3&#8243; c\u00f3 th\u1ec3 l\u1eadt sang b\u00ean gi\u00fap cho vi\u1ec7c b\u1ed1 c\u1ee5c v\u00e0 thao t\u00e1c \u1edf ph\u00eda tr\u01b0\u1edbc tr\u1edf n\u00ean d\u1ec5 d\u00e0ng, c\u00e0i \u0111\u1eb7t c\u00e1c \u0111i\u1ec1u khi\u1ec3n th\u1ee7 c\u00f4ng v\u00e0 t\u1ef1 \u0111\u1ed9ng trong t\u1ea7m tay. M\u00e1y quay vlog n\u00e0y c\u0169ng c\u00f3 m\u1ed9t b\u1ed9 c\u00e1c ch\u1ee9c n\u0103ng c\u1ea3m \u1ee9ng t\u1ef1 \u0111\u1ed9ng chuy\u00ean bi\u1ec7t nh\u01b0\u00a0Touch AE, Touch Tracking, Touch Focus v\u00e0 Touch Shutter.<\/p>\n<p>Sony ZV-1 II c\u0169ng c\u00f3 c\u00e1c t\u00ednh n\u0103ng vlog \u0111\u1eb7c tr\u01b0ng t\u01b0\u01a1ng t\u1ef1 \u0111\u1eddi tr\u01b0\u1edbc, g\u1ed3m ch\u1ebf \u0111\u1ed9 gi\u1edbi thi\u1ec7u s\u1ea3n ph\u1ea9m Product Showcase, x\u00f3a ph\u00f4ng Background Defocus, hi\u1ec7u \u1ee9ng m\u1ecbn da Soft Skin Effect v\u00e0 \u01b0u ti\u00ean ph\u01a1i s\u00e1ng khu\u00f4n m\u1eb7t Face Priority Auto-Exposure.<\/p>\n<p><img loading=\"lazy\" decoding=\"async\" src=\"https:\/\/zshop.vn\/images\/companies\/1\/san_pham\/Camera\/Sony\/zv1%20ii\/Sony%20ZV-1%20II%20(18)f.jpg?1684893687088\" alt=\"Digi24h.vn\" width=\"700\" height=\"394\" \/><\/p>\n<h4><span dir=\"auto\" style=\"vertical-align: inherit;\"><span dir=\"auto\" style=\"vertical-align: inherit;\">Vlog \u0111i\u1ec7n \u1ea3nh<\/span><\/span><\/h4>\n<p>D\u1ec5 d\u00e0ng s\u1ea3n xu\u1ea5t n\u1ed9i dung n\u00e2ng cao h\u01a1n tr\u00ean m\u00e1y quay vlog ZV-1 II v\u1edbi c\u00e0i \u0111\u1eb7t Cinematic Vlog, ch\u1ebf \u0111\u1ed9 quay ch\u1eadm ho\u1eb7c nhanh S&amp;Q v\u00e0 microphone th\u00f4ng minh t\u00edch h\u1ee3p.<\/p>\n<p>C\u00e0i \u0111\u1eb7t Cinematic Vlog k\u00edch ho\u1ea1t t\u1ef7 l\u1ec7 khung h\u00ecnh 2.35:1 c\u1ed1 \u0111\u1ecbnh v\u00e0 t\u1ed1c \u0111\u1ed9 khung h\u00ecnh 24 khung h\u00ecnh\/gi\u00e2y trong khi cung c\u1ea5p l\u1ef1a ch\u1ecdn n\u01b0\u1edbc h\u00ecnh &#8220;Look&#8221; v\u00e0 &#8220;Mood&#8221; \u0111\u1ec3 tinh ch\u1ec9nh t\u00ednh th\u1ea9m m\u1ef9 c\u1ee7a h\u00ecnh \u1ea3nh.<\/p>\n<p>Ch\u1ebf \u0111\u1ed9\u00a0Slow &amp; Quick cho ph\u00e9p \u00e1p d\u1ee5ng c\u00e1c \u0111i\u1ec1u ch\u1ec9nh t\u1ed1c \u0111\u1ed9 khung h\u00ecnh trong m\u00e1y, ch\u1eadm h\u01a1n t\u1edbi 5 l\u1ea7n ho\u1eb7c nhanh h\u01a1n t\u1edbi 60 l\u1ea7n, t\u1eeb m\u1ed9t m\u00e0n h\u00ecnh \u0111\u01a1n gi\u1ea3n.<\/p>\n<p>Mic ba vi\u00ean \u0111a h\u01b0\u1edbng t\u00edch h\u1ee3p thu\u1eadn ti\u1ec7n thu \u00e2m vlog. Khi s\u1eed d\u1ee5ng \u1edf ch\u1ebf \u0111\u1ed9 t\u1ef1 \u0111\u1ed9ng, mic n\u00e0y s\u1eed d\u1ee5ng ph\u1ea7n m\u1ec1m nh\u1eadn d\u1ea1ng khu\u00f4n m\u1eb7t v\u00e0 \u0111\u1ed1i t\u01b0\u1ee3ng c\u1ee7a m\u00e1y \u1ea3nh \u0111\u1ec3 ch\u1ecdn h\u01b0\u1edbng thu \u00e2m t\u1ed1t nh\u1ea5t. Sony ZV-1 II c\u0169ng c\u00f3 gi\u1eafc c\u1eafm mic 3.5mm v\u00e0 \u0111\u1ebf c\u1eafm \u0111a giao di\u1ec7n cho ph\u00e9p t\u01b0\u01a1ng th\u00edch v\u1edbi mic r\u1eddi. K\u00e8m s\u1eb5n \u0111\u1ea7u l\u1ecdc gi\u00f3 \u0111\u1ec3 \u0111\u1ea3m b\u1ea3o \u00e2m thanh r\u00f5 r\u00e0ng khi quay video ngo\u00e0i tr\u1eddi.<\/p>\n<p><img loading=\"lazy\" decoding=\"async\" src=\"https:\/\/zshop.vn\/images\/companies\/1\/san_pham\/Camera\/Sony\/zv1%20ii\/Sony%20ZV-1%20II%20(18)d.jpg?1684893698235\" alt=\"Digi24h.vn\" width=\"700\" height=\"394\" \/><\/p>\n<h4>H\u1ed7 tr\u1ee3 m\u1edf r\u1ed9ng<\/h4>\n<p>Sony ZV-1 II H\u1ed7 tr\u1ee3 quay video 4K UHD m\u1edf r\u1ed9ng \u1edf t\u1ed1c \u0111\u1ed9 30 khung h\u00ecnh\/gi\u00e2y, c\u1ed5ng USB-C c\u00f3 th\u1ec3 s\u1eed d\u1ee5ng \u0111\u1ec3 quay trong khi s\u1ea1c ho\u1eb7c k\u1ebft h\u1ee3p v\u1edbi \u0111\u1ea7u ghi ho\u1eb7c m\u00e0n h\u00ecnh ngo\u00e0i n\u1ebfu mu\u1ed1n. C\u00e1c c\u1ea3nh quay c\u0169ng \u0111\u01b0\u1ee3c h\u1ed7 tr\u1ee3 b\u1edfi c\u00e1c c\u1ea5u h\u00ecnh h\u00ecnh \u1ea3nh S-Log3\/2 v\u00e0 HLG c\u1ee7a Sony, ph\u00f9 h\u1ee3p v\u1edbi c\u00e1c m\u00e1y quay phim chuy\u00ean nghi\u1ec7p \u0111\u1ec3 c\u00f3 m\u00e0u s\u1eafc tinh t\u1ebf, d\u1ea3i \u0111\u1ed9ng r\u1ed9ng v\u00e0 chi ti\u1ebft khi quay.<\/p>\n<p><img loading=\"lazy\" decoding=\"async\" src=\"https:\/\/zshop.vn\/images\/companies\/1\/san_pham\/Camera\/Sony\/zv1%20ii\/Sony%20ZV-1%20II%20(18)c.jpg?1684893673732\" alt=\"Digi24h.vn\" width=\"700\" height=\"394\" \/><\/p>\n<\/div>\n<\/article>\n","protected":false},"excerpt":{"rendered":"<div class=\"py-2 px-3 bg-light text-uppercase mt-2\"><b>M\u00f4 t\u1ea3 s\u1ea3n ph\u1ea9m<\/b><\/div>\n<div class=\"desc-pro-detail content-detail py-2 px-3\">\n<ul>\n<li data-selenium=\"sellingPointsListItem\">&#8211; ZV-1 II d\u00e0nh cho vlogger v\u00e0 ng\u01b0\u1eddi s\u00e1ng t\u1ea1o n\u1ed9i dung<\/li>\n<li data-selenium=\"sellingPointsListItem\">&#8211; C\u1ea3m bi\u1ebfn Exmor RS BSI CMOS\u00a01&#8243; 20.1MP<\/li>\n<li data-selenium=\"sellingPointsListItem\">&#8211; \u1ed0ng k\u00ednh g\u00f3c r\u1ed9ng t\u01b0\u01a1ng \u0111\u01b0\u01a1ng 18-50mm f\/1.8-4<\/li>\n<li data-selenium=\"sellingPointsListItem\">&#8211; Quay video 4K30p UHD v\u1edbi HLG &amp; S-Log3\/2<\/li>\n<li data-selenium=\"sellingPointsListItem\">&#8211; M\u00e0n h\u00ecnh c\u1ea3m \u1ee9ng LCD 3&#8243;, xoay l\u1eadt<\/li>\n<li data-selenium=\"sellingPointsListItem\">&#8211; \u0110i\u1ec1u khi\u1ec3n ph\u01a1i s\u00e1ng &amp; l\u1ea5y n\u00e9t c\u1ea3m \u1ee9ng tr\u1ef1c quan<\/li>\n<li data-selenium=\"sellingPointsListItem\">&#8211; L\u1ea5y n\u00e9t Real-Time Tracking &amp; Eye AF<\/li>\n<li data-selenium=\"sellingPointsListItem\">&#8211; C\u1ea7n g\u1ea1t bokeh, Face Priority AE<\/li>\n<li data-selenium=\"sellingPointsListItem\">&#8211; Thi\u1ebft l\u1eadp Cinematic Vlog, ch\u1ebf \u0111\u1ed9 quay S&amp;Q<\/li>\n<li data-selenium=\"sellingPointsListItem\">&#8211; Ch\u1ebf \u0111\u1ed9 gi\u1edbi thi\u1ec7u s\u1ea3n ph\u1ea9m Product Showcase<\/li>\n<\/ul>\n<\/div>\n","protected":false},"featured_media":29,"comment_status":"open","ping_status":"closed","template":"","meta":[],"product_brand":[23],"product_cat":[18],"product_tag":[],"class_list":{"0":"post-28","1":"product","2":"type-product","3":"status-publish","4":"has-post-thumbnail","6":"product_brand-sony","7":"product_cat-may-anh","9":"first","10":"instock","11":"shipping-taxable","12":"product-type-simple"},"_links":{"self":[{"href":"https:\/\/digi24hstore.id.vn\/index.php?rest_route=\/wp\/v2\/product\/28","targetHints":{"allow":["GET"]}}],"collection":[{"href":"https:\/\/digi24hstore.id.vn\/index.php?rest_route=\/wp\/v2\/product"}],"about":[{"href":"https:\/\/digi24hstore.id.vn\/index.php?rest_route=\/wp\/v2\/types\/product"}],"replies":[{"embeddable":true,"href":"https:\/\/digi24hstore.id.vn\/index.php?rest_route=%2Fwp%2Fv2%2Fcomments&post=28"}],"wp:featuredmedia":[{"embeddable":true,"href":"https:\/\/digi24hstore.id.vn\/index.php?rest_route=\/wp\/v2\/media\/29"}],"wp:attachment":[{"href":"https:\/\/digi24hstore.id.vn\/index.php?rest_route=%2Fwp%2Fv2%2Fmedia&parent=28"}],"wp:term":[{"taxonomy":"product_brand","embeddable":true,"href":"https:\/\/digi24hstore.id.vn\/index.php?rest_route=%2Fwp%2Fv2%2Fproduct_brand&post=28"},{"taxonomy":"product_cat","embeddable":true,"href":"https:\/\/digi24hstore.id.vn\/index.php?rest_route=%2Fwp%2Fv2%2Fproduct_cat&post=28"},{"taxonomy":"product_tag","embeddable":true,"href":"https:\/\/digi24hstore.id.vn\/index.php?rest_route=%2Fwp%2Fv2%2Fproduct_tag&post=28"}],"curies":[{"name":"wp","href":"https:\/\/api.w.org\/{rel}","templated":true}]}}